{"id":3792,"date":"2023-05-18T19:59:11","date_gmt":"2023-05-19T00:59:11","guid":{"rendered":"https:\/\/agtcarga.com\/?post_type=product&#038;p=3792"},"modified":"2024-11-14T16:39:12","modified_gmt":"2024-11-14T21:39:12","slug":"maquina-industrial-de-empanadas-4000-piezas-hora","status":"publish","type":"product","link":"https:\/\/agtcarga.com\/index.php\/producto\/maquina-industrial-de-empanadas-4000-piezas-hora\/","title":{"rendered":"M\u00e1quina Industrial de Empanadas 4000 Piezas\/Hora"},"content":{"rendered":"<p><strong>Descripci\u00f3n del Producto:<\/strong><\/p>\n<p>Revoluciona tu producci\u00f3n con la M\u00e1quina Industrial de Empanadas. Equipada con tecnolog\u00eda japonesa y patente nacional, este equipo avanzado tiene la capacidad de producir una variedad de empanadas deliciosas con cualquier tipo de relleno: carne, vegetales, o una mezcla de ambos.<\/p>\n<div style=\"width: 620px;\" class=\"wp-video\"><!--[if lt IE 9]><script>document.createElement('video');<\/script><![endif]-->\n<video class=\"wp-video-shortcode\" id=\"video-3792-1\" width=\"620\" height=\"349\" preload=\"metadata\" controls=\"controls\"><source type=\"video\/mp4\" src=\"https:\/\/agtcarga.com\/wp-content\/uploads\/2023\/05\/video-empanadas-3.mp4?_=1\" \/><a href=\"https:\/\/agtcarga.com\/wp-content\/uploads\/2023\/05\/video-empanadas-3.mp4\">https:\/\/agtcarga.com\/wp-content\/uploads\/2023\/05\/video-empanadas-3.mp4<\/a><\/video><\/div>\n<p><strong>Aplicaciones del Producto:<\/strong><\/p>\n<p>&nbsp;<\/p>\n<p>Es ideal para la elaboraci\u00f3n de empanadas, dumplings, samosas, wontons, raviolis, y m\u00e1s. Su versatilidad la hace perfecta para hoteles, restaurantes, comedores escolares y de f\u00e1bricas, jardines infantiles, fabricantes de empanadas congeladas y comedores en general.<\/p>\n<p><strong>Caracter\u00edsticas del Producto:<\/strong><\/p>\n<p>&nbsp;<\/p>\n<ol>\n<li><strong>Versatilidad:<\/strong> Cambia los moldes y crea diferentes formas: empanadas, dumplings, samosas, wontons y m\u00e1s.<\/li>\n<li><strong>Calidad:<\/strong> Produce empanadas de alta calidad con envolturas delgadas y abundante relleno. Las empanadas no se rompen f\u00e1cilmente al cocerlas o hervirlos. Puedes ajustar el grosor de la envoltura y la cantidad de relleno.<\/li>\n<li><strong>Higiene:<\/strong> Todas las superficies de contacto entre la m\u00e1quina y las empanadas est\u00e1n hechas de materiales profesionales para garantizar la salud. La m\u00e1quina es antiadherente, de baja resistencia y f\u00e1cil de limpiar.<\/li>\n<li><strong>Dise\u00f1o Inteligente:<\/strong> Gracias a su material antiadherente, puedes crear empanadas de formas perfectas con facilidad.<\/li>\n<li><strong>F\u00e1cil de Usar:<\/strong> Se monta y desmonta con facilidad, lo que facilita su limpieza.<\/li>\n<li><strong>Adaptable:<\/strong> Voltaje: 220V o 110V. Se puede personalizar el voltaje de acuerdo a las necesidades de diferentes pa\u00edses.<\/li>\n<\/ol>\n<div style=\"width: 620px;\" class=\"wp-video\"><video class=\"wp-video-shortcode\" id=\"video-3792-2\" width=\"620\" height=\"1102\" preload=\"metadata\" controls=\"controls\"><source type=\"video\/mp4\" src=\"https:\/\/agtcarga.com\/wp-content\/uploads\/2023\/05\/video-empanadas-1.mp4?_=2\" \/><a href=\"https:\/\/agtcarga.com\/wp-content\/uploads\/2023\/05\/video-empanadas-1.mp4\">https:\/\/agtcarga.com\/wp-content\/uploads\/2023\/05\/video-empanadas-1.mp4<\/a><\/video><\/div>\n<p><strong>Par\u00e1metros T\u00e9cnicos:<\/strong><\/p>\n<p>&nbsp;<\/p>\n<ul>\n<li><span style=\"vertical-align: inherit;\"><span style=\"vertical-align: inherit;\">Modelo: JY-80<\/span><\/span><\/li>\n<li>Capacidad: 4000pcs\/hora<\/li>\n<li>Material de la m\u00e1quina: Acero inoxidable<\/li>\n<li><span style=\"vertical-align: inherit;\"><span style=\"vertical-align: inherit;\">Peso: 115 kg<\/span><\/span><\/li>\n<li>Voltaje\/potencia: 220v\/50hz\/ 110v\/60hz, 2.5KW<\/li>\n<\/ul>\n<div style=\"width: 620px;\" class=\"wp-video\"><video class=\"wp-video-shortcode\" id=\"video-3792-3\" width=\"620\" height=\"1102\" preload=\"metadata\" controls=\"controls\"><source type=\"video\/mp4\" src=\"https:\/\/agtcarga.com\/wp-content\/uploads\/2023\/05\/video-empanadas-2.mp4?_=3\" \/><a href=\"https:\/\/agtcarga.com\/wp-content\/uploads\/2023\/05\/video-empanadas-2.mp4\">https:\/\/agtcarga.com\/wp-content\/uploads\/2023\/05\/video-empanadas-2.mp4<\/a><\/video><\/div>\n<p>Eleva tu producci\u00f3n al siguiente nivel con la M\u00e1quina Industrial de Empanadas. \u00a1No esperes m\u00e1s, haz tu pedido ahora!<\/p>\n","protected":false},"excerpt":{"rendered":"<p>Maximiza tu producci\u00f3n con la M\u00e1quina Industrial de Empanadas. Con capacidad para 4000 piezas\/hora, esta m\u00e1quina te permitir\u00e1 crear empanadas de alta calidad con facilidad y eficiencia. \u00a1Transforma tu cocina y deleita a tus clientes con empanadas perfectas cada vez!<\/p>\n","protected":false},"featured_media":3793,"comment_status":"open","ping_status":"closed","template":"","meta":[],"product_cat":[112],"product_tag":[126,123,128,125,124,129,127],"class_list":{"0":"post-3792","1":"product","2":"type-product","3":"status-publish","4":"has-post-thumbnail","6":"product_cat-maquinaria","7":"product_tag-equipamiento-de-cocina","8":"product_tag-innovacion-en-cocina","9":"product_tag-maquina-de-empanadas","10":"product_tag-maquinaria-para-restaurantes","11":"product_tag-produccion-de-alimentos","12":"product_tag-produccion-industrial","13":"product_tag-rapida-produccion","14":"product_shipping_class-consolidado","15":"entry","17":"first","18":"instock","19":"featured","20":"taxable","21":"shipping-taxable","22":"product-type-simple"},"_links":{"self":[{"href":"https:\/\/agtcarga.com\/index.php\/wp-json\/wp\/v2\/product\/3792","targetHints":{"allow":["GET"]}}],"collection":[{"href":"https:\/\/agtcarga.com\/index.php\/wp-json\/wp\/v2\/product"}],"about":[{"href":"https:\/\/agtcarga.com\/index.php\/wp-json\/wp\/v2\/types\/product"}],"replies":[{"embeddable":true,"href":"https:\/\/agtcarga.com\/index.php\/wp-json\/wp\/v2\/comments?post=3792"}],"wp:featuredmedia":[{"embeddable":true,"href":"https:\/\/agtcarga.com\/index.php\/wp-json\/wp\/v2\/media\/3793"}],"wp:attachment":[{"href":"https:\/\/agtcarga.com\/index.php\/wp-json\/wp\/v2\/media?parent=3792"}],"wp:term":[{"taxonomy":"product_cat","embeddable":true,"href":"https:\/\/agtcarga.com\/index.php\/wp-json\/wp\/v2\/product_cat?post=3792"},{"taxonomy":"product_tag","embeddable":true,"href":"https:\/\/agtcarga.com\/index.php\/wp-json\/wp\/v2\/product_tag?post=3792"}],"curies":[{"name":"wp","href":"https:\/\/api.w.org\/{rel}","templated":true}]}}