{"id":3223,"date":"2022-11-11T10:03:21","date_gmt":"2022-11-11T15:03:21","guid":{"rendered":"https:\/\/agtcarga.com\/?post_type=product&#038;p=3223"},"modified":"2024-11-14T16:32:38","modified_gmt":"2024-11-14T21:32:38","slug":"panalera-corral","status":"publish","type":"product","link":"https:\/\/agtcarga.com\/index.php\/producto\/panalera-corral\/","title":{"rendered":"PA\u00d1ALERA (CORRAL)"},"content":{"rendered":"<p>Espectacular pa\u00f1alera-cama para mam\u00e1, al extenderla podr\u00e1s colocar a dormir a tu bebe o hacer le sus respetivos cambios de pa\u00f1al &#8230;etc , muy liviana y ergon\u00f3mica para llevar todos sus elementos cuando salgas de casa, aparte de sus bolsillos laterales que te dan m\u00e1s espacio.<\/p>\n<div style=\"width: 620px;\" class=\"wp-video\"><!--[if lt IE 9]><script>document.createElement('video');<\/script><![endif]-->\n<video class=\"wp-video-shortcode\" id=\"video-3223-1\" width=\"620\" height=\"620\" preload=\"metadata\" controls=\"controls\"><source type=\"video\/mp4\" src=\"https:\/\/agtcarga.com\/wp-content\/uploads\/2022\/11\/panalera.mp4?_=1\" \/><a href=\"https:\/\/agtcarga.com\/wp-content\/uploads\/2022\/11\/panalera.mp4\">https:\/\/agtcarga.com\/wp-content\/uploads\/2022\/11\/panalera.mp4<\/a><\/video><\/div>\n<p>Estilo: Mochila<br \/>\nMaterial principal: Poli\u00e9ster<br \/>\nTipo de cierre: Cremallera<br \/>\nTama\u00f1o: Medio (30-50 cm) Anchura de Elemento: 20cm<br \/>\nN\u00famero de modelo: u-6<br \/>\nTipo de art\u00edculo: Bolsas para pa\u00f1ales<br \/>\nLongitud del art\u00edculo: 32cm<br \/>\nPeso del art\u00edculo: 0.8kg<br \/>\nAltura de Elemento: 42cm<br \/>\nTipo de dise\u00f1o: Liso<br \/>\n1: bolsa maternidad impermeable<br \/>\n2: bolsa pa\u00f1alera gran capacidad<br \/>\n3: bolsa mam\u00e1 mochila<br \/>\n4: mochila pa\u00f1alera beb\u00e9<br \/>\n5: bolsa cambiador grande<\/p>\n","protected":false},"excerpt":{"rendered":"<p>Hecho en materiales resistentes y de gran calidad, nunca tendr\u00e1s problemas de roturas o da\u00f1os en cremalleras<\/p>\n<p>&nbsp;<\/p>\n","protected":false},"featured_media":3224,"comment_status":"open","ping_status":"closed","template":"","meta":[],"product_cat":[101],"product_tag":[103,104,102],"class_list":{"0":"post-3223","1":"product","2":"type-product","3":"status-publish","4":"has-post-thumbnail","6":"product_cat-bebe","7":"product_tag-bebe","8":"product_tag-comodidad","9":"product_tag-maternidad","10":"product_shipping_class-consolidado","11":"entry","13":"first","14":"instock","15":"taxable","16":"shipping-taxable","17":"product-type-simple"},"_links":{"self":[{"href":"https:\/\/agtcarga.com\/index.php\/wp-json\/wp\/v2\/product\/3223","targetHints":{"allow":["GET"]}}],"collection":[{"href":"https:\/\/agtcarga.com\/index.php\/wp-json\/wp\/v2\/product"}],"about":[{"href":"https:\/\/agtcarga.com\/index.php\/wp-json\/wp\/v2\/types\/product"}],"replies":[{"embeddable":true,"href":"https:\/\/agtcarga.com\/index.php\/wp-json\/wp\/v2\/comments?post=3223"}],"wp:featuredmedia":[{"embeddable":true,"href":"https:\/\/agtcarga.com\/index.php\/wp-json\/wp\/v2\/media\/3224"}],"wp:attachment":[{"href":"https:\/\/agtcarga.com\/index.php\/wp-json\/wp\/v2\/media?parent=3223"}],"wp:term":[{"taxonomy":"product_cat","embeddable":true,"href":"https:\/\/agtcarga.com\/index.php\/wp-json\/wp\/v2\/product_cat?post=3223"},{"taxonomy":"product_tag","embeddable":true,"href":"https:\/\/agtcarga.com\/index.php\/wp-json\/wp\/v2\/product_tag?post=3223"}],"curies":[{"name":"wp","href":"https:\/\/api.w.org\/{rel}","templated":true}]}}